{"id":1244,"date":"2025-02-17T16:28:52","date_gmt":"2025-02-17T16:28:52","guid":{"rendered":"https:\/\/www.muchoquever.com\/CATALOGO\/?page_id=1244"},"modified":"2025-02-17T16:29:58","modified_gmt":"2025-02-17T16:29:58","slug":"baltazar-peanut","status":"publish","type":"page","link":"https:\/\/www.muchoquever.com\/CATALOGO\/baltazar-peanut\/","title":{"rendered":"Baltazar Peanut"},"content":{"rendered":"\t\t<div data-elementor-type=\"wp-page\" data-elementor-id=\"1244\" class=\"elementor elementor-1244\">\n\t\t\t\t\t\t<section class=\"elementor-section elementor-top-section elementor-element elementor-element-35360ae elementor-section-boxed elementor-section-height-default elementor-section-height-default\" data-id=\"35360ae\" data-element_type=\"section\" data-e-type=\"section\">\n\t\t\t\t\t\t<div class=\"elementor-container elementor-column-gap-default\">\n\t\t\t\t\t<div class=\"elementor-column elementor-col-100 elementor-top-column elementor-element elementor-element-5d25650\" data-id=\"5d25650\" data-element_type=\"column\" data-e-type=\"column\">\n\t\t\t<div class=\"elementor-widget-wrap elementor-element-populated\">\n\t\t\t\t\t\t<div class=\"elementor-element elementor-element-d88efea elementor-widget__width-inherit elementor-widget elementor-widget-heading\" data-id=\"d88efea\" data-element_type=\"widget\" data-e-type=\"widget\" data-widget_type=\"heading.default\">\n\t\t\t\t<div class=\"elementor-widget-container\">\n\t\t\t\t\t<h2 class=\"elementor-heading-title elementor-size-default\">Baltazar Peanut<\/h2>\t\t\t\t<\/div>\n\t\t\t\t<\/div>\n\t\t\t\t\t<\/div>\n\t\t<\/div>\n\t\t\t\t\t<\/div>\n\t\t<\/section>\n\t\t\t\t<section class=\"elementor-section elementor-top-section elementor-element elementor-element-ef62847 elementor-section-boxed elementor-section-height-default elementor-section-height-default\" data-id=\"ef62847\" data-element_type=\"section\" data-e-type=\"section\">\n\t\t\t\t\t\t<div class=\"elementor-container elementor-column-gap-default\">\n\t\t\t\t\t<div class=\"elementor-column elementor-col-66 elementor-top-column elementor-element elementor-element-8bcd6d5\" data-id=\"8bcd6d5\" data-element_type=\"column\" data-e-type=\"column\">\n\t\t\t<div class=\"elementor-widget-wrap elementor-element-populated\">\n\t\t\t\t\t\t<div class=\"elementor-element elementor-element-f093237 elementor-widget elementor-widget-text-editor\" data-id=\"f093237\" data-element_type=\"widget\" data-e-type=\"widget\" data-widget_type=\"text-editor.default\">\n\t\t\t\t<div class=\"elementor-widget-container\">\n\t\t\t\t\t\t\t\t\t<h3><strong><span style=\"color: #eda342;\"><em>El tabaquil m\u00e1s premiado ahora en versi\u00f3n \u00abespecial Peanut\u00bb.<\/em><\/span><\/strong><\/h3><p><span style=\"color: #f5cf93;\"><strong>Todo el sabor tradicional de Baltazar con un extra de cacahuete tostado, para los gourmets m\u00e1s exigentes y para los amantes de los matices a frutos secos. <br \/><\/strong><\/span><\/p><p><span style=\"color: #f5cf93;\">Baltazar es algo especial, es un caldo tremendamente complejo que parte de la fusi\u00f3n entre recios tabacos turcos y arom\u00e1ticos tabacos \u00e1rabes. Fue el primer tabaquil que creamos y no quer\u00edamos hacer cualquier cosa. Lo integran m\u00e1s de diez extractos puros minuciosamente combinados para conseguir un perfecto equilibrio, en el que los sinuosos matices que desprende hablan de madera vieja, tierra h\u00fameda y lejanos lugares.<\/span><\/p><p><span style=\"color: #f5cf93;\">Baltazar es una fusi\u00f3n de t\u00f6mbeky turco y arom\u00e1ticos tabacos \u00e1rabes con frutos secos. Dos peculiaridades bien marcadas lo hacen diferente a todo lo conocido: Una lenta maceraci\u00f3n con savia de almendro en barrica de roble, y el ahumado natural con le\u00f1a de mesquite. Un elaborado proceso de envejecimiento que dotan a este caldo de cualidades excepcionales y prolongada longevidad.<\/span><\/p><p><span style=\"color: #f5cf93;\">Este producto, est\u00e1 disponible en los siguientes formatos:<\/span><\/p><p><span style=\"color: #f5cf93;\">L\u00edquido terminado (50\/50 PG-VG) envase artesanal de vidrio de 10,30,50, 100ml.<\/span><br \/><span style=\"color: #f5cf93;\">L\u00edquido terminado en envase comercial tipo PET de 50ml con capacidad para 60ml.<\/span><br \/><span style=\"color: #f5cf93;\">Aroma concentrado de 10, 30, 50ml y Bulk Size (100ml).<\/span><\/p>\t\t\t\t\t\t\t\t<\/div>\n\t\t\t\t<\/div>\n\t\t\t\t\t<\/div>\n\t\t<\/div>\n\t\t\t\t<div class=\"elementor-column elementor-col-33 elementor-top-column elementor-element elementor-element-286dc07\" data-id=\"286dc07\" data-element_type=\"column\" data-e-type=\"column\">\n\t\t\t<div class=\"elementor-widget-wrap elementor-element-populated\">\n\t\t\t\t\t\t<div class=\"elementor-element elementor-element-e45c247 elementor-widget elementor-widget-image\" data-id=\"e45c247\" data-element_type=\"widget\" data-e-type=\"widget\" data-widget_type=\"image.default\">\n\t\t\t\t<div class=\"elementor-widget-container\">\n\t\t\t\t\t\t\t\t\t\t\t\t\t\t\t<img fetchpriority=\"high\" decoding=\"async\" width=\"525\" height=\"770\" src=\"https:\/\/www.muchoquever.com\/CATALOGO\/wp-content\/uploads\/2025\/02\/BALTAZAR-PEANUT-1.webp\" class=\"attachment-large size-large wp-image-1252\" alt=\"\" srcset=\"https:\/\/www.muchoquever.com\/CATALOGO\/wp-content\/uploads\/2025\/02\/BALTAZAR-PEANUT-1.webp 600w, https:\/\/www.muchoquever.com\/CATALOGO\/wp-content\/uploads\/2025\/02\/BALTAZAR-PEANUT-1-205x300.webp 205w\" sizes=\"100vw\" \/>\t\t\t\t\t\t\t\t\t\t\t\t\t\t\t<\/div>\n\t\t\t\t<\/div>\n\t\t\t\t\t<\/div>\n\t\t<\/div>\n\t\t\t\t\t<\/div>\n\t\t<\/section>\n\t\t\t\t<section class=\"elementor-section elementor-top-section elementor-element elementor-element-666166b elementor-section-boxed elementor-section-height-default elementor-section-height-default\" data-id=\"666166b\" data-element_type=\"section\" data-e-type=\"section\">\n\t\t\t\t\t\t<div class=\"elementor-container elementor-column-gap-default\">\n\t\t\t\t\t<div class=\"elementor-column elementor-col-25 elementor-top-column elementor-element elementor-element-a58c0a8\" data-id=\"a58c0a8\" data-element_type=\"column\" data-e-type=\"column\">\n\t\t\t<div class=\"elementor-widget-wrap elementor-element-populated\">\n\t\t\t\t\t\t<div class=\"elementor-element elementor-element-93097c4 elementor-widget__width-initial elementor-widget elementor-widget-button\" data-id=\"93097c4\" data-element_type=\"widget\" data-e-type=\"widget\" data-widget_type=\"button.default\">\n\t\t\t\t<div class=\"elementor-widget-container\">\n\t\t\t\t\t\t\t\t\t<div class=\"elementor-button-wrapper\">\n\t\t\t\t\t<a class=\"elementor-button elementor-button-link elementor-size-sm\" href=\"https:\/\/muchoquever.com\/TIENDA\/inicio\/239-728-baltazar-peanut.html\">\n\t\t\t\t\t\t<span class=\"elementor-button-content-wrapper\">\n\t\t\t\t\t\t\t\t\t<span class=\"elementor-button-text\">VER EN TIENDA<\/span>\n\t\t\t\t\t<\/span>\n\t\t\t\t\t<\/a>\n\t\t\t\t<\/div>\n\t\t\t\t\t\t\t\t<\/div>\n\t\t\t\t<\/div>\n\t\t\t\t\t<\/div>\n\t\t<\/div>\n\t\t\t\t<div class=\"elementor-column elementor-col-25 elementor-top-column elementor-element elementor-element-4c23bf3\" data-id=\"4c23bf3\" data-element_type=\"column\" data-e-type=\"column\">\n\t\t\t<div class=\"elementor-widget-wrap elementor-element-populated\">\n\t\t\t\t\t\t<div class=\"elementor-element elementor-element-42a35b2 elementor-widget elementor-widget-button\" data-id=\"42a35b2\" data-element_type=\"widget\" data-e-type=\"widget\" data-widget_type=\"button.default\">\n\t\t\t\t<div class=\"elementor-widget-container\">\n\t\t\t\t\t\t\t\t\t<div class=\"elementor-button-wrapper\">\n\t\t\t\t\t<a class=\"elementor-button elementor-button-link elementor-size-sm\" href=\"https:\/\/www.muchoquever.com\/CATALOGO\/\">\n\t\t\t\t\t\t<span class=\"elementor-button-content-wrapper\">\n\t\t\t\t\t\t\t\t\t<span class=\"elementor-button-text\">IR AL CAT\u00c1LOGO<\/span>\n\t\t\t\t\t<\/span>\n\t\t\t\t\t<\/a>\n\t\t\t\t<\/div>\n\t\t\t\t\t\t\t\t<\/div>\n\t\t\t\t<\/div>\n\t\t\t\t\t<\/div>\n\t\t<\/div>\n\t\t\t\t<div class=\"elementor-column elementor-col-50 elementor-top-column elementor-element elementor-element-eb46f73\" data-id=\"eb46f73\" data-element_type=\"column\" data-e-type=\"column\">\n\t\t\t<div class=\"elementor-widget-wrap\">\n\t\t\t\t\t\t\t<\/div>\n\t\t<\/div>\n\t\t\t\t\t<\/div>\n\t\t<\/section>\n\t\t\t\t<\/div>\n\t\t","protected":false},"excerpt":{"rendered":"<p>Baltazar Peanut El tabaquil m\u00e1s premiado ahora en versi\u00f3n \u00abespecial Peanut\u00bb. Todo el sabor tradicional de Baltazar con un extra de cacahuete tostado, para los gourmets m\u00e1s exigentes y para los amantes de los matices a frutos secos. Baltazar es algo especial, es un caldo tremendamente complejo que parte de la fusi\u00f3n entre recios tabacos &hellip; <\/p>\n<p class=\"link-more\"><a href=\"https:\/\/www.muchoquever.com\/CATALOGO\/baltazar-peanut\/\" class=\"more-link\">Continuar leyendo<span class=\"screen-reader-text\"> \u00abBaltazar Peanut\u00bb<\/span><\/a><\/p>\n","protected":false},"author":1,"featured_media":0,"parent":0,"menu_order":0,"comment_status":"closed","ping_status":"closed","template":"elementor_header_footer","meta":{"footnotes":""},"class_list":["post-1244","page","type-page","status-publish","hentry"],"_links":{"self":[{"href":"https:\/\/www.muchoquever.com\/CATALOGO\/wp-json\/wp\/v2\/pages\/1244","targetHints":{"allow":["GET"]}}],"collection":[{"href":"https:\/\/www.muchoquever.com\/CATALOGO\/wp-json\/wp\/v2\/pages"}],"about":[{"href":"https:\/\/www.muchoquever.com\/CATALOGO\/wp-json\/wp\/v2\/types\/page"}],"author":[{"embeddable":true,"href":"https:\/\/www.muchoquever.com\/CATALOGO\/wp-json\/wp\/v2\/users\/1"}],"replies":[{"embeddable":true,"href":"https:\/\/www.muchoquever.com\/CATALOGO\/wp-json\/wp\/v2\/comments?post=1244"}],"version-history":[{"count":19,"href":"https:\/\/www.muchoquever.com\/CATALOGO\/wp-json\/wp\/v2\/pages\/1244\/revisions"}],"predecessor-version":[{"id":1265,"href":"https:\/\/www.muchoquever.com\/CATALOGO\/wp-json\/wp\/v2\/pages\/1244\/revisions\/1265"}],"wp:attachment":[{"href":"https:\/\/www.muchoquever.com\/CATALOGO\/wp-json\/wp\/v2\/media?parent=1244"}],"curies":[{"name":"wp","href":"https:\/\/api.w.org\/{rel}","templated":true}]}}