{"id":455,"date":"2023-04-14T07:15:06","date_gmt":"2023-04-14T07:15:06","guid":{"rendered":"https:\/\/www.muchoquever.com\/CATALOGO\/?page_id=455"},"modified":"2025-02-17T17:44:49","modified_gmt":"2025-02-17T17:44:49","slug":"ryx","status":"publish","type":"page","link":"https:\/\/www.muchoquever.com\/CATALOGO\/ryx\/","title":{"rendered":"RyX"},"content":{"rendered":"\t\t<div data-elementor-type=\"wp-page\" data-elementor-id=\"455\" class=\"elementor elementor-455\">\n\t\t\t\t\t\t<section class=\"elementor-section elementor-top-section elementor-element elementor-element-76831a7 elementor-section-boxed elementor-section-height-default elementor-section-height-default\" data-id=\"76831a7\" data-element_type=\"section\" data-e-type=\"section\">\n\t\t\t\t\t\t<div class=\"elementor-container elementor-column-gap-default\">\n\t\t\t\t\t<div class=\"elementor-column elementor-col-100 elementor-top-column elementor-element elementor-element-ee900c5\" data-id=\"ee900c5\" data-element_type=\"column\" data-e-type=\"column\">\n\t\t\t<div class=\"elementor-widget-wrap elementor-element-populated\">\n\t\t\t\t\t\t<div class=\"elementor-element elementor-element-ad3f22a elementor-widget elementor-widget-heading\" data-id=\"ad3f22a\" data-element_type=\"widget\" data-e-type=\"widget\" data-widget_type=\"heading.default\">\n\t\t\t\t<div class=\"elementor-widget-container\">\n\t\t\t\t\t<h2 class=\"elementor-heading-title elementor-size-default\">RyX<\/h2>\t\t\t\t<\/div>\n\t\t\t\t<\/div>\n\t\t\t\t\t<\/div>\n\t\t<\/div>\n\t\t\t\t\t<\/div>\n\t\t<\/section>\n\t\t\t\t<section class=\"elementor-section elementor-top-section elementor-element elementor-element-9eb9ff0 elementor-section-boxed elementor-section-height-default elementor-section-height-default\" data-id=\"9eb9ff0\" data-element_type=\"section\" data-e-type=\"section\">\n\t\t\t\t\t\t<div class=\"elementor-container elementor-column-gap-default\">\n\t\t\t\t\t<div class=\"elementor-column elementor-col-66 elementor-top-column elementor-element elementor-element-b0db409\" data-id=\"b0db409\" data-element_type=\"column\" data-e-type=\"column\">\n\t\t\t<div class=\"elementor-widget-wrap elementor-element-populated\">\n\t\t\t\t\t\t<div class=\"elementor-element elementor-element-424f7f9 elementor-widget elementor-widget-text-editor\" data-id=\"424f7f9\" data-element_type=\"widget\" data-e-type=\"widget\" data-widget_type=\"text-editor.default\">\n\t\t\t\t<div class=\"elementor-widget-container\">\n\t\t\t\t\t\t\t\t\t<h2><em>Crema de tabaco<\/em>.<\/h2><p>Este caldo tiene como origen la reformulaci\u00f3n de todo un cl\u00e1sico. Constituye una excelente variante para los \u201c<em>ruyaneros<\/em>\u201d m\u00e1s veteranos. Se dice que el t\u00e9rmino \u201c<em>ruyan\u201d <\/em>(<em>de ah\u00ed lo de<\/em> \u201c<em>ruyanero<\/em>\u201c) deriva de una mezcla creada por Chang Ning Dekang Biological Technology Co. Para Ruyan Group Ltd. El nombre \u201cRuyan\u201d se acortaba com\u00fanmente a solo RY, y el n\u00famero de mezcla se colocaba despu\u00e9s, por lo que \u2018Ruyan blend #4 se convierte en RY4. Actualmente existe una amplia variedad de productos que parten de ese \u201c<em>Ruyan<\/em>\u201d originario, pero casi todos incorporan en la mezcla tres componentes b\u00e1sicos: una base de tabaco (en unas ocasiones suave y discreto, y en otras fuerte y contundente), caramelo y vainilla. La tendencia ha llevado a evolucionar con imaginaci\u00f3n uno de los sabores m\u00e1s cl\u00e1sicos como es el RY4, aportando otros nuevos componentes y matices a la mezcla.<\/p><p><span style=\"color: #e0842d;\">Nosotros hemos enriquecido cada ingrediente (tabaco, caramelo y vainilla) y hemos a\u00f1adido un toffee espectacular con nata, que aporta a la mezcla un sabor envolvente extraordinario, digno de los paladares m\u00e1s exigentes.<\/span><\/p><p>Este producto, est\u00e1 disponible en l\u00edquido terminado (50\/50) formato artesanal de vidrio en 10,30,50 y 100ml y tambi\u00e9n en formato PET de 50ml con capacidad para 60ml; as\u00ed como en aroma concentrado de 10, 30ml y Bulk Size.<\/p>\t\t\t\t\t\t\t\t<\/div>\n\t\t\t\t<\/div>\n\t\t\t\t\t<\/div>\n\t\t<\/div>\n\t\t\t\t<div class=\"elementor-column elementor-col-33 elementor-top-column elementor-element elementor-element-2a0969a\" data-id=\"2a0969a\" data-element_type=\"column\" data-e-type=\"column\">\n\t\t\t<div class=\"elementor-widget-wrap elementor-element-populated\">\n\t\t\t\t\t\t<div class=\"elementor-element elementor-element-ab762f6 elementor-invisible elementor-widget elementor-widget-image\" data-id=\"ab762f6\" data-element_type=\"widget\" data-e-type=\"widget\" data-settings=\"{&quot;_animation&quot;:&quot;fadeInDown&quot;}\" data-widget_type=\"image.default\">\n\t\t\t\t<div class=\"elementor-widget-container\">\n\t\t\t\t\t\t\t\t\t\t\t\t\t\t\t<img fetchpriority=\"high\" decoding=\"async\" width=\"525\" height=\"770\" src=\"https:\/\/www.muchoquever.com\/CATALOGO\/wp-content\/uploads\/2025\/02\/RYX-1.webp\" class=\"attachment-large size-large wp-image-1369\" alt=\"\" srcset=\"https:\/\/www.muchoquever.com\/CATALOGO\/wp-content\/uploads\/2025\/02\/RYX-1.webp 600w, https:\/\/www.muchoquever.com\/CATALOGO\/wp-content\/uploads\/2025\/02\/RYX-1-205x300.webp 205w\" sizes=\"100vw\" \/>\t\t\t\t\t\t\t\t\t\t\t\t\t\t\t<\/div>\n\t\t\t\t<\/div>\n\t\t\t\t\t<\/div>\n\t\t<\/div>\n\t\t\t\t\t<\/div>\n\t\t<\/section>\n\t\t\t\t<section class=\"elementor-section elementor-top-section elementor-element elementor-element-49ddeb0 elementor-section-boxed elementor-section-height-default elementor-section-height-default\" data-id=\"49ddeb0\" data-element_type=\"section\" data-e-type=\"section\">\n\t\t\t\t\t\t<div class=\"elementor-container elementor-column-gap-default\">\n\t\t\t\t\t<div class=\"elementor-column elementor-col-50 elementor-top-column elementor-element elementor-element-9acdf73\" data-id=\"9acdf73\" data-element_type=\"column\" data-e-type=\"column\">\n\t\t\t<div class=\"elementor-widget-wrap elementor-element-populated\">\n\t\t\t\t\t\t<div class=\"elementor-element elementor-element-daf4470 elementor-widget elementor-widget-button\" data-id=\"daf4470\" data-element_type=\"widget\" data-e-type=\"widget\" data-widget_type=\"button.default\">\n\t\t\t\t<div class=\"elementor-widget-container\">\n\t\t\t\t\t\t\t\t\t<div class=\"elementor-button-wrapper\">\n\t\t\t\t\t<a class=\"elementor-button elementor-button-link elementor-size-sm elementor-animation-grow\" href=\"https:\/\/www.muchoquever.com\/CATALOGO\/\">\n\t\t\t\t\t\t<span class=\"elementor-button-content-wrapper\">\n\t\t\t\t\t\t\t\t\t<span class=\"elementor-button-text\">Volver al cat\u00e1logo<\/span>\n\t\t\t\t\t<\/span>\n\t\t\t\t\t<\/a>\n\t\t\t\t<\/div>\n\t\t\t\t\t\t\t\t<\/div>\n\t\t\t\t<\/div>\n\t\t\t\t\t<\/div>\n\t\t<\/div>\n\t\t\t\t<div class=\"elementor-column elementor-col-50 elementor-top-column elementor-element elementor-element-5e953a5\" data-id=\"5e953a5\" data-element_type=\"column\" data-e-type=\"column\">\n\t\t\t<div class=\"elementor-widget-wrap elementor-element-populated\">\n\t\t\t\t\t\t<div class=\"elementor-element elementor-element-0557053 elementor-widget__width-initial elementor-widget elementor-widget-button\" data-id=\"0557053\" data-element_type=\"widget\" data-e-type=\"widget\" data-widget_type=\"button.default\">\n\t\t\t\t<div class=\"elementor-widget-container\">\n\t\t\t\t\t\t\t\t\t<div class=\"elementor-button-wrapper\">\n\t\t\t\t\t<a class=\"elementor-button elementor-button-link elementor-size-sm elementor-animation-grow\" href=\"https:\/\/muchoquever.com\/TIENDA\/inicio\/26-65-ryx.html#\/2-tamano-30_ml\">\n\t\t\t\t\t\t<span class=\"elementor-button-content-wrapper\">\n\t\t\t\t\t\t\t\t\t<span class=\"elementor-button-text\">Ver en la tienda<\/span>\n\t\t\t\t\t<\/span>\n\t\t\t\t\t<\/a>\n\t\t\t\t<\/div>\n\t\t\t\t\t\t\t\t<\/div>\n\t\t\t\t<\/div>\n\t\t\t\t\t<\/div>\n\t\t<\/div>\n\t\t\t\t\t<\/div>\n\t\t<\/section>\n\t\t\t\t<section class=\"elementor-section elementor-top-section elementor-element elementor-element-4bb522e elementor-section-boxed elementor-section-height-default elementor-section-height-default\" data-id=\"4bb522e\" data-element_type=\"section\" data-e-type=\"section\">\n\t\t\t\t\t\t<div class=\"elementor-container elementor-column-gap-default\">\n\t\t\t\t\t<div class=\"elementor-column elementor-col-100 elementor-top-column elementor-element elementor-element-7ab6ab6\" data-id=\"7ab6ab6\" data-element_type=\"column\" data-e-type=\"column\">\n\t\t\t<div class=\"elementor-widget-wrap elementor-element-populated\">\n\t\t\t\t\t\t<div class=\"elementor-element elementor-element-369a358 elementor-widget elementor-widget-video\" data-id=\"369a358\" data-element_type=\"widget\" data-e-type=\"widget\" data-settings=\"{&quot;youtube_url&quot;:&quot;https:\\\/\\\/youtu.be\\\/U3dFMVuUktE&quot;,&quot;video_type&quot;:&quot;youtube&quot;,&quot;controls&quot;:&quot;yes&quot;}\" data-widget_type=\"video.default\">\n\t\t\t\t<div class=\"elementor-widget-container\">\n\t\t\t\t\t\t\t<div class=\"elementor-wrapper elementor-open-inline\">\n\t\t\t<div class=\"elementor-video\"><\/div>\t\t<\/div>\n\t\t\t\t\t\t<\/div>\n\t\t\t\t<\/div>\n\t\t\t\t\t<\/div>\n\t\t<\/div>\n\t\t\t\t\t<\/div>\n\t\t<\/section>\n\t\t\t\t<\/div>\n\t\t","protected":false},"excerpt":{"rendered":"<p>RyX Crema de tabaco. Este caldo tiene como origen la reformulaci\u00f3n de todo un cl\u00e1sico. Constituye una excelente variante para los \u201cruyaneros\u201d m\u00e1s veteranos. Se dice que el t\u00e9rmino \u201cruyan\u201d (de ah\u00ed lo de \u201cruyanero\u201c) deriva de una mezcla creada por Chang Ning Dekang Biological Technology Co. Para Ruyan Group Ltd. El nombre \u201cRuyan\u201d se &hellip; <\/p>\n<p class=\"link-more\"><a href=\"https:\/\/www.muchoquever.com\/CATALOGO\/ryx\/\" class=\"more-link\">Continuar leyendo<span class=\"screen-reader-text\"> \u00abRyX\u00bb<\/span><\/a><\/p>\n","protected":false},"author":1,"featured_media":0,"parent":0,"menu_order":0,"comment_status":"closed","ping_status":"closed","template":"elementor_header_footer","meta":{"footnotes":""},"class_list":["post-455","page","type-page","status-publish","hentry"],"_links":{"self":[{"href":"https:\/\/www.muchoquever.com\/CATALOGO\/wp-json\/wp\/v2\/pages\/455","targetHints":{"allow":["GET"]}}],"collection":[{"href":"https:\/\/www.muchoquever.com\/CATALOGO\/wp-json\/wp\/v2\/pages"}],"about":[{"href":"https:\/\/www.muchoquever.com\/CATALOGO\/wp-json\/wp\/v2\/types\/page"}],"author":[{"embeddable":true,"href":"https:\/\/www.muchoquever.com\/CATALOGO\/wp-json\/wp\/v2\/users\/1"}],"replies":[{"embeddable":true,"href":"https:\/\/www.muchoquever.com\/CATALOGO\/wp-json\/wp\/v2\/comments?post=455"}],"version-history":[{"count":25,"href":"https:\/\/www.muchoquever.com\/CATALOGO\/wp-json\/wp\/v2\/pages\/455\/revisions"}],"predecessor-version":[{"id":1372,"href":"https:\/\/www.muchoquever.com\/CATALOGO\/wp-json\/wp\/v2\/pages\/455\/revisions\/1372"}],"wp:attachment":[{"href":"https:\/\/www.muchoquever.com\/CATALOGO\/wp-json\/wp\/v2\/media?parent=455"}],"curies":[{"name":"wp","href":"https:\/\/api.w.org\/{rel}","templated":true}]}}