{"id":479,"date":"2023-04-14T07:46:19","date_gmt":"2023-04-14T07:46:19","guid":{"rendered":"https:\/\/www.muchoquever.com\/CATALOGO\/?page_id=479"},"modified":"2025-02-17T17:26:18","modified_gmt":"2025-02-17T17:26:18","slug":"grannys-milk","status":"publish","type":"page","link":"https:\/\/www.muchoquever.com\/CATALOGO\/grannys-milk\/","title":{"rendered":"Granny&#8217;s Milk"},"content":{"rendered":"\t\t<div data-elementor-type=\"wp-page\" data-elementor-id=\"479\" class=\"elementor elementor-479\">\n\t\t\t\t\t\t<section class=\"elementor-section elementor-top-section elementor-element elementor-element-233e946 elementor-section-boxed elementor-section-height-default elementor-section-height-default\" data-id=\"233e946\" data-element_type=\"section\" data-e-type=\"section\">\n\t\t\t\t\t\t<div class=\"elementor-container elementor-column-gap-default\">\n\t\t\t\t\t<div class=\"elementor-column elementor-col-100 elementor-top-column elementor-element elementor-element-9230f33\" data-id=\"9230f33\" data-element_type=\"column\" data-e-type=\"column\">\n\t\t\t<div class=\"elementor-widget-wrap elementor-element-populated\">\n\t\t\t\t\t\t<div class=\"elementor-element elementor-element-ec60fd8 elementor-widget elementor-widget-heading\" data-id=\"ec60fd8\" data-element_type=\"widget\" data-e-type=\"widget\" data-widget_type=\"heading.default\">\n\t\t\t\t<div class=\"elementor-widget-container\">\n\t\t\t\t\t<h2 class=\"elementor-heading-title elementor-size-default\">Granny's Milk<\/h2>\t\t\t\t<\/div>\n\t\t\t\t<\/div>\n\t\t\t\t\t<\/div>\n\t\t<\/div>\n\t\t\t\t\t<\/div>\n\t\t<\/section>\n\t\t\t\t<section class=\"elementor-section elementor-top-section elementor-element elementor-element-6dbd933 elementor-section-boxed elementor-section-height-default elementor-section-height-default\" data-id=\"6dbd933\" data-element_type=\"section\" data-e-type=\"section\">\n\t\t\t\t\t\t<div class=\"elementor-container elementor-column-gap-default\">\n\t\t\t\t\t<div class=\"elementor-column elementor-col-66 elementor-top-column elementor-element elementor-element-b166156\" data-id=\"b166156\" data-element_type=\"column\" data-e-type=\"column\">\n\t\t\t<div class=\"elementor-widget-wrap elementor-element-populated\">\n\t\t\t\t\t\t<div class=\"elementor-element elementor-element-1227e1f elementor-widget elementor-widget-text-editor\" data-id=\"1227e1f\" data-element_type=\"widget\" data-e-type=\"widget\" data-widget_type=\"text-editor.default\">\n\t\t\t\t<div class=\"elementor-widget-container\">\n\t\t\t\t\t\t\t\t\t<h2><em><span style=\"color: #ffffff;\">Leche merengada &#8230;y d\u00e9jate de cuentos.<\/span><\/em><\/h2><p>La leche de la abuelita (Granny\u2019s Milk) originariamente fue creado como un regalo extra para las fiestas navide\u00f1as del 2018 exclusivamente. Sin embargo, enseguida tuvo una excelente acogida entre los consumidores, tanto fue as\u00ed que a ra\u00edz de las numerosas peticiones recibidas, no tuvimos m\u00e1s remedio que incorporarlo al cat\u00e1logo de forma permanente. Se produce una cantidad limitada cada a\u00f1o para satisfacer la demanda de los consumidores m\u00e1s incondicionales. Esto nos dio que pensar y nos hizo decidir (siempre por orden de propuesta y si las circunstancias lo permiten), reservar algo de tiempo para trabajar en las sugerencias de los clientes. De hecho algunas creaciones posteriores nacieron a ra\u00edz de la demanda sugerida.<\/p><p><span style=\"color: #ffffff;\">Granny\u2019s Milk es un batido de leche merengada, con su canela y corteza de lim\u00f3n. Un c\u00e1lido y relajante postre rescatado del recetario de la abuelita ideal para despu\u00e9s de una buena comida.<\/span><\/p><p>Este producto, est\u00e1 disponible en l\u00edquido terminado (50\/50) formato artesanal de vidrio y en Pet comercial de 50ml con capacidad para 60ml. Tambi\u00e9n en aroma concentrado de 10, 30ml y Bulk Size.<\/p>\t\t\t\t\t\t\t\t<\/div>\n\t\t\t\t<\/div>\n\t\t\t\t\t<\/div>\n\t\t<\/div>\n\t\t\t\t<div class=\"elementor-column elementor-col-33 elementor-top-column elementor-element elementor-element-ae47aba\" data-id=\"ae47aba\" data-element_type=\"column\" data-e-type=\"column\">\n\t\t\t<div class=\"elementor-widget-wrap elementor-element-populated\">\n\t\t\t\t\t\t<div class=\"elementor-element elementor-element-4da4b0a elementor-invisible elementor-widget elementor-widget-image\" data-id=\"4da4b0a\" data-element_type=\"widget\" data-e-type=\"widget\" data-settings=\"{&quot;_animation&quot;:&quot;rollIn&quot;}\" data-widget_type=\"image.default\">\n\t\t\t\t<div class=\"elementor-widget-container\">\n\t\t\t\t\t\t\t\t\t\t\t\t\t\t\t<img fetchpriority=\"high\" decoding=\"async\" width=\"525\" height=\"770\" src=\"https:\/\/www.muchoquever.com\/CATALOGO\/wp-content\/uploads\/2025\/02\/GRANNYS-1.webp\" class=\"attachment-large size-large wp-image-1300\" alt=\"\" srcset=\"https:\/\/www.muchoquever.com\/CATALOGO\/wp-content\/uploads\/2025\/02\/GRANNYS-1.webp 600w, https:\/\/www.muchoquever.com\/CATALOGO\/wp-content\/uploads\/2025\/02\/GRANNYS-1-205x300.webp 205w\" sizes=\"100vw\" \/>\t\t\t\t\t\t\t\t\t\t\t\t\t\t\t<\/div>\n\t\t\t\t<\/div>\n\t\t\t\t\t<\/div>\n\t\t<\/div>\n\t\t\t\t\t<\/div>\n\t\t<\/section>\n\t\t\t\t<section class=\"elementor-section elementor-top-section elementor-element elementor-element-f4b8426 elementor-section-boxed elementor-section-height-default elementor-section-height-default\" data-id=\"f4b8426\" data-element_type=\"section\" data-e-type=\"section\">\n\t\t\t\t\t\t<div class=\"elementor-container elementor-column-gap-default\">\n\t\t\t\t\t<div class=\"elementor-column elementor-col-50 elementor-top-column elementor-element elementor-element-1ff1849\" data-id=\"1ff1849\" data-element_type=\"column\" data-e-type=\"column\">\n\t\t\t<div class=\"elementor-widget-wrap elementor-element-populated\">\n\t\t\t\t\t\t<div class=\"elementor-element elementor-element-ba36548 elementor-widget elementor-widget-button\" data-id=\"ba36548\" data-element_type=\"widget\" data-e-type=\"widget\" data-widget_type=\"button.default\">\n\t\t\t\t<div class=\"elementor-widget-container\">\n\t\t\t\t\t\t\t\t\t<div class=\"elementor-button-wrapper\">\n\t\t\t\t\t<a class=\"elementor-button elementor-button-link elementor-size-sm elementor-animation-grow\" href=\"https:\/\/www.muchoquever.com\/CATALOGO\/\">\n\t\t\t\t\t\t<span class=\"elementor-button-content-wrapper\">\n\t\t\t\t\t\t\t\t\t<span class=\"elementor-button-text\">Volver al cat\u00e1logo<\/span>\n\t\t\t\t\t<\/span>\n\t\t\t\t\t<\/a>\n\t\t\t\t<\/div>\n\t\t\t\t\t\t\t\t<\/div>\n\t\t\t\t<\/div>\n\t\t\t\t\t<\/div>\n\t\t<\/div>\n\t\t\t\t<div class=\"elementor-column elementor-col-50 elementor-top-column elementor-element elementor-element-d5a5abc\" data-id=\"d5a5abc\" data-element_type=\"column\" data-e-type=\"column\">\n\t\t\t<div class=\"elementor-widget-wrap elementor-element-populated\">\n\t\t\t\t\t\t<div class=\"elementor-element elementor-element-d49e98f elementor-widget__width-initial elementor-widget elementor-widget-button\" data-id=\"d49e98f\" data-element_type=\"widget\" data-e-type=\"widget\" data-widget_type=\"button.default\">\n\t\t\t\t<div class=\"elementor-widget-container\">\n\t\t\t\t\t\t\t\t\t<div class=\"elementor-button-wrapper\">\n\t\t\t\t\t<a class=\"elementor-button elementor-button-link elementor-size-sm elementor-animation-grow\" href=\"https:\/\/muchoquever.com\/TIENDA\/inicio\/31-85-granny-s-milk.html#\/2-tamano-30_ml\">\n\t\t\t\t\t\t<span class=\"elementor-button-content-wrapper\">\n\t\t\t\t\t\t\t\t\t<span class=\"elementor-button-text\">Ver en la tienda<\/span>\n\t\t\t\t\t<\/span>\n\t\t\t\t\t<\/a>\n\t\t\t\t<\/div>\n\t\t\t\t\t\t\t\t<\/div>\n\t\t\t\t<\/div>\n\t\t\t\t\t<\/div>\n\t\t<\/div>\n\t\t\t\t\t<\/div>\n\t\t<\/section>\n\t\t\t\t<section class=\"elementor-section elementor-top-section elementor-element elementor-element-95dbee2 elementor-section-boxed elementor-section-height-default elementor-section-height-default\" data-id=\"95dbee2\" data-element_type=\"section\" data-e-type=\"section\">\n\t\t\t\t\t\t<div class=\"elementor-container elementor-column-gap-default\">\n\t\t\t\t\t<div class=\"elementor-column elementor-col-100 elementor-top-column elementor-element elementor-element-7b5e234\" data-id=\"7b5e234\" data-element_type=\"column\" data-e-type=\"column\">\n\t\t\t<div class=\"elementor-widget-wrap elementor-element-populated\">\n\t\t\t\t\t\t<div class=\"elementor-element elementor-element-9d5ffd0 elementor-widget elementor-widget-video\" data-id=\"9d5ffd0\" data-element_type=\"widget\" data-e-type=\"widget\" data-settings=\"{&quot;youtube_url&quot;:&quot;https:\\\/\\\/youtu.be\\\/inSH2Mp-uAU&quot;,&quot;video_type&quot;:&quot;youtube&quot;,&quot;controls&quot;:&quot;yes&quot;}\" data-widget_type=\"video.default\">\n\t\t\t\t<div class=\"elementor-widget-container\">\n\t\t\t\t\t\t\t<div class=\"elementor-wrapper elementor-open-inline\">\n\t\t\t<div class=\"elementor-video\"><\/div>\t\t<\/div>\n\t\t\t\t\t\t<\/div>\n\t\t\t\t<\/div>\n\t\t\t\t\t<\/div>\n\t\t<\/div>\n\t\t\t\t\t<\/div>\n\t\t<\/section>\n\t\t\t\t<\/div>\n\t\t","protected":false},"excerpt":{"rendered":"<p>Granny&#8217;s Milk Leche merengada &#8230;y d\u00e9jate de cuentos. La leche de la abuelita (Granny\u2019s Milk) originariamente fue creado como un regalo extra para las fiestas navide\u00f1as del 2018 exclusivamente. Sin embargo, enseguida tuvo una excelente acogida entre los consumidores, tanto fue as\u00ed que a ra\u00edz de las numerosas peticiones recibidas, no tuvimos m\u00e1s remedio que &hellip; <\/p>\n<p class=\"link-more\"><a href=\"https:\/\/www.muchoquever.com\/CATALOGO\/grannys-milk\/\" class=\"more-link\">Continuar leyendo<span class=\"screen-reader-text\"> \u00abGranny&#8217;s Milk\u00bb<\/span><\/a><\/p>\n","protected":false},"author":1,"featured_media":0,"parent":0,"menu_order":0,"comment_status":"closed","ping_status":"closed","template":"elementor_header_footer","meta":{"footnotes":""},"class_list":["post-479","page","type-page","status-publish","hentry"],"_links":{"self":[{"href":"https:\/\/www.muchoquever.com\/CATALOGO\/wp-json\/wp\/v2\/pages\/479","targetHints":{"allow":["GET"]}}],"collection":[{"href":"https:\/\/www.muchoquever.com\/CATALOGO\/wp-json\/wp\/v2\/pages"}],"about":[{"href":"https:\/\/www.muchoquever.com\/CATALOGO\/wp-json\/wp\/v2\/types\/page"}],"author":[{"embeddable":true,"href":"https:\/\/www.muchoquever.com\/CATALOGO\/wp-json\/wp\/v2\/users\/1"}],"replies":[{"embeddable":true,"href":"https:\/\/www.muchoquever.com\/CATALOGO\/wp-json\/wp\/v2\/comments?post=479"}],"version-history":[{"count":19,"href":"https:\/\/www.muchoquever.com\/CATALOGO\/wp-json\/wp\/v2\/pages\/479\/revisions"}],"predecessor-version":[{"id":1303,"href":"https:\/\/www.muchoquever.com\/CATALOGO\/wp-json\/wp\/v2\/pages\/479\/revisions\/1303"}],"wp:attachment":[{"href":"https:\/\/www.muchoquever.com\/CATALOGO\/wp-json\/wp\/v2\/media?parent=479"}],"curies":[{"name":"wp","href":"https:\/\/api.w.org\/{rel}","templated":true}]}}