{"id":509,"date":"2023-04-14T09:04:10","date_gmt":"2023-04-14T09:04:10","guid":{"rendered":"https:\/\/www.muchoquever.com\/CATALOGO\/?page_id=509"},"modified":"2025-02-17T17:46:19","modified_gmt":"2025-02-17T17:46:19","slug":"winslows-syrup","status":"publish","type":"page","link":"https:\/\/www.muchoquever.com\/CATALOGO\/winslows-syrup\/","title":{"rendered":"Winslow&#8217;s Syrup"},"content":{"rendered":"\t\t<div data-elementor-type=\"wp-page\" data-elementor-id=\"509\" class=\"elementor elementor-509\">\n\t\t\t\t\t\t<section class=\"elementor-section elementor-top-section elementor-element elementor-element-67f9860 elementor-section-boxed elementor-section-height-default elementor-section-height-default\" data-id=\"67f9860\" data-element_type=\"section\" data-e-type=\"section\">\n\t\t\t\t\t\t<div class=\"elementor-container elementor-column-gap-default\">\n\t\t\t\t\t<div class=\"elementor-column elementor-col-100 elementor-top-column elementor-element elementor-element-48604d7\" data-id=\"48604d7\" data-element_type=\"column\" data-e-type=\"column\">\n\t\t\t<div class=\"elementor-widget-wrap elementor-element-populated\">\n\t\t\t\t\t\t<div class=\"elementor-element elementor-element-b38ba8b elementor-widget elementor-widget-heading\" data-id=\"b38ba8b\" data-element_type=\"widget\" data-e-type=\"widget\" data-widget_type=\"heading.default\">\n\t\t\t\t<div class=\"elementor-widget-container\">\n\t\t\t\t\t<h2 class=\"elementor-heading-title elementor-size-default\">Winslow's Syrup<\/h2>\t\t\t\t<\/div>\n\t\t\t\t<\/div>\n\t\t\t\t\t<\/div>\n\t\t<\/div>\n\t\t\t\t\t<\/div>\n\t\t<\/section>\n\t\t\t\t<section class=\"elementor-section elementor-top-section elementor-element elementor-element-9f5b7ba elementor-section-boxed elementor-section-height-default elementor-section-height-default\" data-id=\"9f5b7ba\" data-element_type=\"section\" data-e-type=\"section\">\n\t\t\t\t\t\t<div class=\"elementor-container elementor-column-gap-default\">\n\t\t\t\t\t<div class=\"elementor-column elementor-col-66 elementor-top-column elementor-element elementor-element-22a9042\" data-id=\"22a9042\" data-element_type=\"column\" data-e-type=\"column\">\n\t\t\t<div class=\"elementor-widget-wrap elementor-element-populated\">\n\t\t\t\t\t\t<div class=\"elementor-element elementor-element-04aa505 elementor-widget elementor-widget-text-editor\" data-id=\"04aa505\" data-element_type=\"widget\" data-e-type=\"widget\" data-widget_type=\"text-editor.default\">\n\t\t\t\t<div class=\"elementor-widget-container\">\n\t\t\t\t\t\t\t\t\t<div class=\"elementor-element elementor-element-7565924 elementor-widget elementor-widget-text-editor\" data-id=\"7565924\" data-element_type=\"widget\" data-widget_type=\"text-editor.default\"><div class=\"elementor-widget-container\"><h2><span style=\"color: #6ddeb6;\">El incre\u00edble jarabe de la se\u00f1ora Winslow<\/span><\/h2><\/div><\/div><div class=\"elementor-element elementor-element-1435979 elementor-widget elementor-widget-text-editor\" data-id=\"1435979\" data-element_type=\"widget\" data-widget_type=\"text-editor.default\"><div class=\"elementor-widget-container\"><span style=\"color: #369e73;\"><em>En 1835 Charlotte Winslow, una comadrona de hospital que hab\u00eda tratado a ni\u00f1os durante m\u00e1s de treinta a\u00f1os, ide\u00f3 un milagroso calmante: el \u201cjarabe calmante de la se\u00f1ora Winslow\u201d un t\u00f3nico para tratar todo tipo de dolencias y enfermedades, pero sobre todo para administrar a los ni\u00f1os con problemas de dentici\u00f3n y a sus madres desesperadas por los llantos de estos. B\u00e1sicamente el jarabe estaba compuesto por alcohol y morfina, y se afirmaba que pod\u00eda tranquilizar a cualquier ser humano o animal\u2026<\/em><\/span><\/div><\/div><div>\u00a0<\/div><div class=\"elementor-element elementor-element-1435979 elementor-widget elementor-widget-text-editor\" data-id=\"1435979\" data-element_type=\"widget\" data-widget_type=\"text-editor.default\"><h3><span style=\"color: #ccffcc;\">Un impresionante smoothie americano<br \/><\/span><\/h3><div><span style=\"color: #ccffcc;\">Hemos adoptado el nombre del producto creado por la se\u00f1ora Winslow, para cambiar su infame historia y convertirlo en un exquisito caldo compuesto por crema de leche con tiernas frutas batidas, que conforman una deliciosa papilla infantil o potito.<\/span><\/div><div>\u00a0<\/div><div><span style=\"color: #999999;\">Este producto, est\u00e1 disponible en l\u00edquido terminado (50\/50) formato artesanal de vidrio en 10,30,50 y 100ml y tambi\u00e9n en formato PET de 50ml con capacidad para 60ml; as\u00ed como en aroma concentrado de 10, 30ml y Bulk Size.<\/span><\/div><\/div>\t\t\t\t\t\t\t\t<\/div>\n\t\t\t\t<\/div>\n\t\t\t\t\t<\/div>\n\t\t<\/div>\n\t\t\t\t<div class=\"elementor-column elementor-col-33 elementor-top-column elementor-element elementor-element-9a8125b\" data-id=\"9a8125b\" data-element_type=\"column\" data-e-type=\"column\">\n\t\t\t<div class=\"elementor-widget-wrap elementor-element-populated\">\n\t\t\t\t\t\t<div class=\"elementor-element elementor-element-d9d2da6 elementor-invisible elementor-widget elementor-widget-image\" data-id=\"d9d2da6\" data-element_type=\"widget\" data-e-type=\"widget\" data-settings=\"{&quot;_animation&quot;:&quot;rollIn&quot;}\" data-widget_type=\"image.default\">\n\t\t\t\t<div class=\"elementor-widget-container\">\n\t\t\t\t\t\t\t\t\t\t\t\t\t\t\t<img fetchpriority=\"high\" decoding=\"async\" width=\"525\" height=\"770\" src=\"https:\/\/www.muchoquever.com\/CATALOGO\/wp-content\/uploads\/2025\/02\/WINSLOW-1.webp\" class=\"attachment-large size-large wp-image-1377\" alt=\"\" srcset=\"https:\/\/www.muchoquever.com\/CATALOGO\/wp-content\/uploads\/2025\/02\/WINSLOW-1.webp 600w, https:\/\/www.muchoquever.com\/CATALOGO\/wp-content\/uploads\/2025\/02\/WINSLOW-1-205x300.webp 205w\" sizes=\"100vw\" \/>\t\t\t\t\t\t\t\t\t\t\t\t\t\t\t<\/div>\n\t\t\t\t<\/div>\n\t\t\t\t\t<\/div>\n\t\t<\/div>\n\t\t\t\t\t<\/div>\n\t\t<\/section>\n\t\t\t\t<section class=\"elementor-section elementor-top-section elementor-element elementor-element-a834be3 elementor-section-boxed elementor-section-height-default elementor-section-height-default\" data-id=\"a834be3\" data-element_type=\"section\" data-e-type=\"section\">\n\t\t\t\t\t\t<div class=\"elementor-container elementor-column-gap-default\">\n\t\t\t\t\t<div class=\"elementor-column elementor-col-50 elementor-top-column elementor-element elementor-element-66a132e\" data-id=\"66a132e\" data-element_type=\"column\" data-e-type=\"column\">\n\t\t\t<div class=\"elementor-widget-wrap elementor-element-populated\">\n\t\t\t\t\t\t<div class=\"elementor-element elementor-element-5bc5788 elementor-widget elementor-widget-button\" data-id=\"5bc5788\" data-element_type=\"widget\" data-e-type=\"widget\" data-widget_type=\"button.default\">\n\t\t\t\t<div class=\"elementor-widget-container\">\n\t\t\t\t\t\t\t\t\t<div class=\"elementor-button-wrapper\">\n\t\t\t\t\t<a class=\"elementor-button elementor-button-link elementor-size-sm elementor-animation-grow\" href=\"https:\/\/www.muchoquever.com\/CATALOGO\/\">\n\t\t\t\t\t\t<span class=\"elementor-button-content-wrapper\">\n\t\t\t\t\t\t\t\t\t<span class=\"elementor-button-text\">Volver al cat\u00e1logo<\/span>\n\t\t\t\t\t<\/span>\n\t\t\t\t\t<\/a>\n\t\t\t\t<\/div>\n\t\t\t\t\t\t\t\t<\/div>\n\t\t\t\t<\/div>\n\t\t\t\t\t<\/div>\n\t\t<\/div>\n\t\t\t\t<div class=\"elementor-column elementor-col-50 elementor-top-column elementor-element elementor-element-6f9ad70\" data-id=\"6f9ad70\" data-element_type=\"column\" data-e-type=\"column\">\n\t\t\t<div class=\"elementor-widget-wrap elementor-element-populated\">\n\t\t\t\t\t\t<div class=\"elementor-element elementor-element-ac80137 elementor-widget__width-initial elementor-widget elementor-widget-button\" data-id=\"ac80137\" data-element_type=\"widget\" data-e-type=\"widget\" data-widget_type=\"button.default\">\n\t\t\t\t<div class=\"elementor-widget-container\">\n\t\t\t\t\t\t\t\t\t<div class=\"elementor-button-wrapper\">\n\t\t\t\t\t<a class=\"elementor-button elementor-button-link elementor-size-sm elementor-animation-grow\" href=\"https:\/\/muchoquever.com\/TIENDA\/inicio\/36-105-winslow-s-syrup.html#\/2-tamano-30_ml\">\n\t\t\t\t\t\t<span class=\"elementor-button-content-wrapper\">\n\t\t\t\t\t\t\t\t\t<span class=\"elementor-button-text\">Ver en la tienda<\/span>\n\t\t\t\t\t<\/span>\n\t\t\t\t\t<\/a>\n\t\t\t\t<\/div>\n\t\t\t\t\t\t\t\t<\/div>\n\t\t\t\t<\/div>\n\t\t\t\t\t<\/div>\n\t\t<\/div>\n\t\t\t\t\t<\/div>\n\t\t<\/section>\n\t\t\t\t<section class=\"elementor-section elementor-top-section elementor-element elementor-element-36e246b elementor-section-boxed elementor-section-height-default elementor-section-height-default\" data-id=\"36e246b\" data-element_type=\"section\" data-e-type=\"section\">\n\t\t\t\t\t\t<div class=\"elementor-container elementor-column-gap-default\">\n\t\t\t\t\t<div class=\"elementor-column elementor-col-100 elementor-top-column elementor-element elementor-element-b2d340c\" data-id=\"b2d340c\" data-element_type=\"column\" data-e-type=\"column\">\n\t\t\t<div class=\"elementor-widget-wrap elementor-element-populated\">\n\t\t\t\t\t\t<div class=\"elementor-element elementor-element-b34c53e elementor-widget elementor-widget-video\" data-id=\"b34c53e\" data-element_type=\"widget\" data-e-type=\"widget\" data-settings=\"{&quot;youtube_url&quot;:&quot;https:\\\/\\\/youtu.be\\\/Cemb02kTWBQ&quot;,&quot;video_type&quot;:&quot;youtube&quot;,&quot;controls&quot;:&quot;yes&quot;}\" data-widget_type=\"video.default\">\n\t\t\t\t<div class=\"elementor-widget-container\">\n\t\t\t\t\t\t\t<div class=\"elementor-wrapper elementor-open-inline\">\n\t\t\t<div class=\"elementor-video\"><\/div>\t\t<\/div>\n\t\t\t\t\t\t<\/div>\n\t\t\t\t<\/div>\n\t\t\t\t\t<\/div>\n\t\t<\/div>\n\t\t\t\t\t<\/div>\n\t\t<\/section>\n\t\t\t\t<\/div>\n\t\t","protected":false},"excerpt":{"rendered":"<p>Winslow&#8217;s Syrup El incre\u00edble jarabe de la se\u00f1ora Winslow En 1835 Charlotte Winslow, una comadrona de hospital que hab\u00eda tratado a ni\u00f1os durante m\u00e1s de treinta a\u00f1os, ide\u00f3 un milagroso calmante: el \u201cjarabe calmante de la se\u00f1ora Winslow\u201d un t\u00f3nico para tratar todo tipo de dolencias y enfermedades, pero sobre todo para administrar a los &hellip; <\/p>\n<p class=\"link-more\"><a href=\"https:\/\/www.muchoquever.com\/CATALOGO\/winslows-syrup\/\" class=\"more-link\">Continuar leyendo<span class=\"screen-reader-text\"> \u00abWinslow&#8217;s Syrup\u00bb<\/span><\/a><\/p>\n","protected":false},"author":1,"featured_media":0,"parent":0,"menu_order":0,"comment_status":"closed","ping_status":"closed","template":"elementor_header_footer","meta":{"footnotes":""},"class_list":["post-509","page","type-page","status-publish","hentry"],"_links":{"self":[{"href":"https:\/\/www.muchoquever.com\/CATALOGO\/wp-json\/wp\/v2\/pages\/509","targetHints":{"allow":["GET"]}}],"collection":[{"href":"https:\/\/www.muchoquever.com\/CATALOGO\/wp-json\/wp\/v2\/pages"}],"about":[{"href":"https:\/\/www.muchoquever.com\/CATALOGO\/wp-json\/wp\/v2\/types\/page"}],"author":[{"embeddable":true,"href":"https:\/\/www.muchoquever.com\/CATALOGO\/wp-json\/wp\/v2\/users\/1"}],"replies":[{"embeddable":true,"href":"https:\/\/www.muchoquever.com\/CATALOGO\/wp-json\/wp\/v2\/comments?post=509"}],"version-history":[{"count":19,"href":"https:\/\/www.muchoquever.com\/CATALOGO\/wp-json\/wp\/v2\/pages\/509\/revisions"}],"predecessor-version":[{"id":1380,"href":"https:\/\/www.muchoquever.com\/CATALOGO\/wp-json\/wp\/v2\/pages\/509\/revisions\/1380"}],"wp:attachment":[{"href":"https:\/\/www.muchoquever.com\/CATALOGO\/wp-json\/wp\/v2\/media?parent=509"}],"curies":[{"name":"wp","href":"https:\/\/api.w.org\/{rel}","templated":true}]}}