{"id":527,"date":"2023-04-14T09:50:18","date_gmt":"2023-04-14T09:50:18","guid":{"rendered":"https:\/\/www.muchoquever.com\/CATALOGO\/?page_id=527"},"modified":"2025-02-17T17:39:33","modified_gmt":"2025-02-17T17:39:33","slug":"king-edware","status":"publish","type":"page","link":"https:\/\/www.muchoquever.com\/CATALOGO\/king-edware\/","title":{"rendered":"King Edware"},"content":{"rendered":"\t\t<div data-elementor-type=\"wp-page\" data-elementor-id=\"527\" class=\"elementor elementor-527\">\n\t\t\t\t\t\t<section class=\"elementor-section elementor-top-section elementor-element elementor-element-838ba38 elementor-section-boxed elementor-section-height-default elementor-section-height-default\" data-id=\"838ba38\" data-element_type=\"section\" data-e-type=\"section\">\n\t\t\t\t\t\t<div class=\"elementor-container elementor-column-gap-default\">\n\t\t\t\t\t<div class=\"elementor-column elementor-col-100 elementor-top-column elementor-element elementor-element-89a619f\" data-id=\"89a619f\" data-element_type=\"column\" data-e-type=\"column\">\n\t\t\t<div class=\"elementor-widget-wrap elementor-element-populated\">\n\t\t\t\t\t\t<div class=\"elementor-element elementor-element-426870e elementor-widget elementor-widget-heading\" data-id=\"426870e\" data-element_type=\"widget\" data-e-type=\"widget\" data-widget_type=\"heading.default\">\n\t\t\t\t<div class=\"elementor-widget-container\">\n\t\t\t\t\t<h2 class=\"elementor-heading-title elementor-size-default\">King Edware<\/h2>\t\t\t\t<\/div>\n\t\t\t\t<\/div>\n\t\t\t\t\t<\/div>\n\t\t<\/div>\n\t\t\t\t\t<\/div>\n\t\t<\/section>\n\t\t\t\t<section class=\"elementor-section elementor-top-section elementor-element elementor-element-32aef03 elementor-section-boxed elementor-section-height-default elementor-section-height-default\" data-id=\"32aef03\" data-element_type=\"section\" data-e-type=\"section\">\n\t\t\t\t\t\t<div class=\"elementor-container elementor-column-gap-default\">\n\t\t\t\t\t<div class=\"elementor-column elementor-col-100 elementor-top-column elementor-element elementor-element-8f5c912\" data-id=\"8f5c912\" data-element_type=\"column\" data-e-type=\"column\">\n\t\t\t<div class=\"elementor-widget-wrap elementor-element-populated\">\n\t\t\t\t\t\t<div class=\"elementor-element elementor-element-62d9f18 elementor-widget elementor-widget-heading\" data-id=\"62d9f18\" data-element_type=\"widget\" data-e-type=\"widget\" data-widget_type=\"heading.default\">\n\t\t\t\t<div class=\"elementor-widget-container\">\n\t\t\t\t\t<h2 class=\"elementor-heading-title elementor-size-default\">Toasted tobacco<\/h2>\t\t\t\t<\/div>\n\t\t\t\t<\/div>\n\t\t\t\t\t<\/div>\n\t\t<\/div>\n\t\t\t\t\t<\/div>\n\t\t<\/section>\n\t\t\t\t<section class=\"elementor-section elementor-top-section elementor-element elementor-element-75b1b43 elementor-section-boxed elementor-section-height-default elementor-section-height-default\" data-id=\"75b1b43\" data-element_type=\"section\" data-e-type=\"section\">\n\t\t\t\t\t\t<div class=\"elementor-container elementor-column-gap-default\">\n\t\t\t\t\t<div class=\"elementor-column elementor-col-66 elementor-top-column elementor-element elementor-element-efa37e7\" data-id=\"efa37e7\" data-element_type=\"column\" data-e-type=\"column\">\n\t\t\t<div class=\"elementor-widget-wrap elementor-element-populated\">\n\t\t\t\t\t\t<div class=\"elementor-element elementor-element-80f966a elementor-widget elementor-widget-text-editor\" data-id=\"80f966a\" data-element_type=\"widget\" data-e-type=\"widget\" data-widget_type=\"text-editor.default\">\n\t\t\t\t<div class=\"elementor-widget-container\">\n\t\t\t\t\t\t\t\t\t<div class=\"elementor-element elementor-element-bcdb0e7 elementor-widget elementor-widget-text-editor\" data-id=\"bcdb0e7\" data-element_type=\"widget\" data-widget_type=\"text-editor.default\"><div class=\"elementor-widget-container\"><p><span style=\"color: #bababa;\">Seguimos fieles a nuestro prop\u00f3sito de buscar los ingredientes m\u00e1s puros y sabrosos, para elaborar productos \u00fanicos con excepcionales cualidades. Como siempre, anteponemos la calidad por encima de todo, y en esa l\u00ednea hemos estado trabajando con materias org\u00e1nicas 100% naturales de gran singularidad para desarrollar una nueva variedad de tabacos org\u00e1nicos que se distinguen del resto por su compleja diversidad y por su incre\u00edble sabor.<\/span><\/p><p><span style=\"color: #e6874c;\">KING EDWARD (VARIEDAD KENTUCKY)<\/span><br \/><span style=\"color: #e6874c;\">HOJAS DE TABACO TOSTADAS SOBRE BRASAS DE PINO Y AHUMADO CON MADERAS RICAS EN RESINA.<\/span><br \/><span style=\"color: #e6874c;\">AL ESTILO LAPSANG SOUCHONG.<\/span><\/p><p><span style=\"color: #bababa;\">Una excepcional experiencia renovadora, elaborada exclusivamente con ingredientes naturales, porque el vapeo es mucho m\u00e1s que una forma de dejar el h\u00e1bito de fumar\u2026 es todo un placer para los sentidos y nada mejor que poder disfrutarlo de una forma natural. Una selecci\u00f3n de hojas de tabaco y extractos naturales mezclados, curados y fermentados durante tres d\u00edas en condiciones especiales, marinados durante 24 horas y macerados durante 40 d\u00edas m\u00e1s.<\/span><\/p><p>Disponible en l\u00edquido terminado envasado en formato artesanal de 10, 30, 50 y 100ml. y en PET comercial con 50ml y capacidad para 60ml. Tambi\u00e9n disponible en aroma concentrado de 10, 30ml y Bulk Size.<\/p><\/div><\/div>\t\t\t\t\t\t\t\t<\/div>\n\t\t\t\t<\/div>\n\t\t\t\t\t<\/div>\n\t\t<\/div>\n\t\t\t\t<div class=\"elementor-column elementor-col-33 elementor-top-column elementor-element elementor-element-55ca634\" data-id=\"55ca634\" data-element_type=\"column\" data-e-type=\"column\">\n\t\t\t<div class=\"elementor-widget-wrap elementor-element-populated\">\n\t\t\t\t\t\t<div class=\"elementor-element elementor-element-d6f4b7b elementor-invisible elementor-widget elementor-widget-image\" data-id=\"d6f4b7b\" data-element_type=\"widget\" data-e-type=\"widget\" data-settings=\"{&quot;_animation&quot;:&quot;fadeInLeft&quot;}\" data-widget_type=\"image.default\">\n\t\t\t\t<div class=\"elementor-widget-container\">\n\t\t\t\t\t\t\t\t\t\t\t\t\t\t\t<img fetchpriority=\"high\" decoding=\"async\" width=\"525\" height=\"770\" src=\"https:\/\/www.muchoquever.com\/CATALOGO\/wp-content\/uploads\/2025\/02\/KING-EDWARE-1.webp\" class=\"attachment-large size-large wp-image-1341\" alt=\"\" srcset=\"https:\/\/www.muchoquever.com\/CATALOGO\/wp-content\/uploads\/2025\/02\/KING-EDWARE-1.webp 600w, https:\/\/www.muchoquever.com\/CATALOGO\/wp-content\/uploads\/2025\/02\/KING-EDWARE-1-205x300.webp 205w\" sizes=\"100vw\" \/>\t\t\t\t\t\t\t\t\t\t\t\t\t\t\t<\/div>\n\t\t\t\t<\/div>\n\t\t\t\t\t<\/div>\n\t\t<\/div>\n\t\t\t\t\t<\/div>\n\t\t<\/section>\n\t\t\t\t<section class=\"elementor-section elementor-top-section elementor-element elementor-element-c8a6302 elementor-section-boxed elementor-section-height-default elementor-section-height-default\" data-id=\"c8a6302\" data-element_type=\"section\" data-e-type=\"section\">\n\t\t\t\t\t\t<div class=\"elementor-container elementor-column-gap-default\">\n\t\t\t\t\t<div class=\"elementor-column elementor-col-50 elementor-top-column elementor-element elementor-element-32e59c9\" data-id=\"32e59c9\" data-element_type=\"column\" data-e-type=\"column\">\n\t\t\t<div class=\"elementor-widget-wrap elementor-element-populated\">\n\t\t\t\t\t\t<div class=\"elementor-element elementor-element-7ce01f6 elementor-widget elementor-widget-button\" data-id=\"7ce01f6\" data-element_type=\"widget\" data-e-type=\"widget\" data-widget_type=\"button.default\">\n\t\t\t\t<div class=\"elementor-widget-container\">\n\t\t\t\t\t\t\t\t\t<div class=\"elementor-button-wrapper\">\n\t\t\t\t\t<a class=\"elementor-button elementor-button-link elementor-size-sm elementor-animation-grow\" href=\"https:\/\/www.muchoquever.com\/CATALOGO\/\">\n\t\t\t\t\t\t<span class=\"elementor-button-content-wrapper\">\n\t\t\t\t\t\t\t\t\t<span class=\"elementor-button-text\">Volver al cat\u00e1logo<\/span>\n\t\t\t\t\t<\/span>\n\t\t\t\t\t<\/a>\n\t\t\t\t<\/div>\n\t\t\t\t\t\t\t\t<\/div>\n\t\t\t\t<\/div>\n\t\t\t\t\t<\/div>\n\t\t<\/div>\n\t\t\t\t<div class=\"elementor-column elementor-col-50 elementor-top-column elementor-element elementor-element-f59084a\" data-id=\"f59084a\" data-element_type=\"column\" data-e-type=\"column\">\n\t\t\t<div class=\"elementor-widget-wrap elementor-element-populated\">\n\t\t\t\t\t\t<div class=\"elementor-element elementor-element-c80fdb3 elementor-widget__width-initial elementor-widget elementor-widget-button\" data-id=\"c80fdb3\" data-element_type=\"widget\" data-e-type=\"widget\" data-widget_type=\"button.default\">\n\t\t\t\t<div class=\"elementor-widget-container\">\n\t\t\t\t\t\t\t\t\t<div class=\"elementor-button-wrapper\">\n\t\t\t\t\t<a class=\"elementor-button elementor-button-link elementor-size-sm elementor-animation-grow\" href=\"https:\/\/muchoquever.com\/TIENDA\/inicio\/38-113-king-edware.html#\/2-tamano-30_ml\">\n\t\t\t\t\t\t<span class=\"elementor-button-content-wrapper\">\n\t\t\t\t\t\t\t\t\t<span class=\"elementor-button-text\">Ver en la tienda<\/span>\n\t\t\t\t\t<\/span>\n\t\t\t\t\t<\/a>\n\t\t\t\t<\/div>\n\t\t\t\t\t\t\t\t<\/div>\n\t\t\t\t<\/div>\n\t\t\t\t\t<\/div>\n\t\t<\/div>\n\t\t\t\t\t<\/div>\n\t\t<\/section>\n\t\t\t\t<section class=\"elementor-section elementor-top-section elementor-element elementor-element-2229da1 elementor-section-boxed elementor-section-height-default elementor-section-height-default\" data-id=\"2229da1\" data-element_type=\"section\" data-e-type=\"section\">\n\t\t\t\t\t\t<div class=\"elementor-container elementor-column-gap-default\">\n\t\t\t\t\t<div class=\"elementor-column elementor-col-100 elementor-top-column elementor-element elementor-element-31e6b7a\" data-id=\"31e6b7a\" data-element_type=\"column\" data-e-type=\"column\">\n\t\t\t<div class=\"elementor-widget-wrap elementor-element-populated\">\n\t\t\t\t\t\t<div class=\"elementor-element elementor-element-e319210 elementor-widget elementor-widget-video\" data-id=\"e319210\" data-element_type=\"widget\" data-e-type=\"widget\" data-settings=\"{&quot;youtube_url&quot;:&quot;https:\\\/\\\/youtu.be\\\/VxBQP8_1UAE&quot;,&quot;video_type&quot;:&quot;youtube&quot;,&quot;controls&quot;:&quot;yes&quot;}\" data-widget_type=\"video.default\">\n\t\t\t\t<div class=\"elementor-widget-container\">\n\t\t\t\t\t\t\t<div class=\"elementor-wrapper elementor-open-inline\">\n\t\t\t<div class=\"elementor-video\"><\/div>\t\t<\/div>\n\t\t\t\t\t\t<\/div>\n\t\t\t\t<\/div>\n\t\t\t\t\t<\/div>\n\t\t<\/div>\n\t\t\t\t\t<\/div>\n\t\t<\/section>\n\t\t\t\t<\/div>\n\t\t","protected":false},"excerpt":{"rendered":"<p>King Edware Toasted tobacco Seguimos fieles a nuestro prop\u00f3sito de buscar los ingredientes m\u00e1s puros y sabrosos, para elaborar productos \u00fanicos con excepcionales cualidades. Como siempre, anteponemos la calidad por encima de todo, y en esa l\u00ednea hemos estado trabajando con materias org\u00e1nicas 100% naturales de gran singularidad para desarrollar una nueva variedad de tabacos &hellip; <\/p>\n<p class=\"link-more\"><a href=\"https:\/\/www.muchoquever.com\/CATALOGO\/king-edware\/\" class=\"more-link\">Continuar leyendo<span class=\"screen-reader-text\"> \u00abKing Edware\u00bb<\/span><\/a><\/p>\n","protected":false},"author":1,"featured_media":0,"parent":0,"menu_order":0,"comment_status":"closed","ping_status":"closed","template":"elementor_header_footer","meta":{"footnotes":""},"class_list":["post-527","page","type-page","status-publish","hentry"],"_links":{"self":[{"href":"https:\/\/www.muchoquever.com\/CATALOGO\/wp-json\/wp\/v2\/pages\/527","targetHints":{"allow":["GET"]}}],"collection":[{"href":"https:\/\/www.muchoquever.com\/CATALOGO\/wp-json\/wp\/v2\/pages"}],"about":[{"href":"https:\/\/www.muchoquever.com\/CATALOGO\/wp-json\/wp\/v2\/types\/page"}],"author":[{"embeddable":true,"href":"https:\/\/www.muchoquever.com\/CATALOGO\/wp-json\/wp\/v2\/users\/1"}],"replies":[{"embeddable":true,"href":"https:\/\/www.muchoquever.com\/CATALOGO\/wp-json\/wp\/v2\/comments?post=527"}],"version-history":[{"count":19,"href":"https:\/\/www.muchoquever.com\/CATALOGO\/wp-json\/wp\/v2\/pages\/527\/revisions"}],"predecessor-version":[{"id":1344,"href":"https:\/\/www.muchoquever.com\/CATALOGO\/wp-json\/wp\/v2\/pages\/527\/revisions\/1344"}],"wp:attachment":[{"href":"https:\/\/www.muchoquever.com\/CATALOGO\/wp-json\/wp\/v2\/media?parent=527"}],"curies":[{"name":"wp","href":"https:\/\/api.w.org\/{rel}","templated":true}]}}