{"id":539,"date":"2023-04-14T09:59:14","date_gmt":"2023-04-14T09:59:14","guid":{"rendered":"https:\/\/www.muchoquever.com\/CATALOGO\/?page_id=539"},"modified":"2025-02-17T17:43:09","modified_gmt":"2025-02-17T17:43:09","slug":"queen-cynane","status":"publish","type":"page","link":"https:\/\/www.muchoquever.com\/CATALOGO\/queen-cynane\/","title":{"rendered":"Queen Cynane"},"content":{"rendered":"\t\t<div data-elementor-type=\"wp-page\" data-elementor-id=\"539\" class=\"elementor elementor-539\">\n\t\t\t\t\t\t<section class=\"elementor-section elementor-top-section elementor-element elementor-element-42d4bbd elementor-section-boxed elementor-section-height-default elementor-section-height-default\" data-id=\"42d4bbd\" data-element_type=\"section\" data-e-type=\"section\">\n\t\t\t\t\t\t<div class=\"elementor-container elementor-column-gap-default\">\n\t\t\t\t\t<div class=\"elementor-column elementor-col-100 elementor-top-column elementor-element elementor-element-fd8a013\" data-id=\"fd8a013\" data-element_type=\"column\" data-e-type=\"column\">\n\t\t\t<div class=\"elementor-widget-wrap elementor-element-populated\">\n\t\t\t\t\t\t<div class=\"elementor-element elementor-element-7167294 elementor-widget elementor-widget-heading\" data-id=\"7167294\" data-element_type=\"widget\" data-e-type=\"widget\" data-widget_type=\"heading.default\">\n\t\t\t\t<div class=\"elementor-widget-container\">\n\t\t\t\t\t<h2 class=\"elementor-heading-title elementor-size-default\">Queen Cynane<\/h2>\t\t\t\t<\/div>\n\t\t\t\t<\/div>\n\t\t\t\t\t<\/div>\n\t\t<\/div>\n\t\t\t\t\t<\/div>\n\t\t<\/section>\n\t\t\t\t<section class=\"elementor-section elementor-top-section elementor-element elementor-element-ae4dc6d elementor-section-boxed elementor-section-height-default elementor-section-height-default\" data-id=\"ae4dc6d\" data-element_type=\"section\" data-e-type=\"section\">\n\t\t\t\t\t\t<div class=\"elementor-container elementor-column-gap-default\">\n\t\t\t\t\t<div class=\"elementor-column elementor-col-100 elementor-top-column elementor-element elementor-element-8b2168e\" data-id=\"8b2168e\" data-element_type=\"column\" data-e-type=\"column\">\n\t\t\t<div class=\"elementor-widget-wrap elementor-element-populated\">\n\t\t\t\t\t\t<div class=\"elementor-element elementor-element-4864a73 elementor-widget elementor-widget-heading\" data-id=\"4864a73\" data-element_type=\"widget\" data-e-type=\"widget\" data-widget_type=\"heading.default\">\n\t\t\t\t<div class=\"elementor-widget-container\">\n\t\t\t\t\t<h2 class=\"elementor-heading-title elementor-size-default\">Delicious sweet tobacco <\/h2>\t\t\t\t<\/div>\n\t\t\t\t<\/div>\n\t\t\t\t\t<\/div>\n\t\t<\/div>\n\t\t\t\t\t<\/div>\n\t\t<\/section>\n\t\t\t\t<section class=\"elementor-section elementor-top-section elementor-element elementor-element-2ef9e4a elementor-section-boxed elementor-section-height-default elementor-section-height-default\" data-id=\"2ef9e4a\" data-element_type=\"section\" data-e-type=\"section\">\n\t\t\t\t\t\t<div class=\"elementor-container elementor-column-gap-default\">\n\t\t\t\t\t<div class=\"elementor-column elementor-col-66 elementor-top-column elementor-element elementor-element-ee3ce6c\" data-id=\"ee3ce6c\" data-element_type=\"column\" data-e-type=\"column\">\n\t\t\t<div class=\"elementor-widget-wrap elementor-element-populated\">\n\t\t\t\t\t\t<div class=\"elementor-element elementor-element-30c03fd elementor-widget elementor-widget-text-editor\" data-id=\"30c03fd\" data-element_type=\"widget\" data-e-type=\"widget\" data-widget_type=\"text-editor.default\">\n\t\t\t\t<div class=\"elementor-widget-container\">\n\t\t\t\t\t\t\t\t\t<div class=\"elementor-element elementor-element-c97de89 elementor-widget elementor-widget-text-editor\" data-id=\"c97de89\" data-element_type=\"widget\" data-widget_type=\"text-editor.default\"><div class=\"elementor-widget-container\"><p><span style=\"color: #b8b8b8;\">Seguimos fieles a nuestro prop\u00f3sito de buscar los ingredientes m\u00e1s puros y sabrosos, para elaborar productos \u00fanicos con excepcionales cualidades. Como siempre, anteponemos la calidad por encima de todo, y en esa l\u00ednea hemos estado trabajando con materias org\u00e1nicas 100% naturales de gran singularidad para desarrollar una nueva variedad de tabacos org\u00e1nicos que se distinguen del resto por su compleja diversidad y por su incre\u00edble sabor.<\/span><\/p><p><span style=\"color: #eb985e;\">QUEEN CYNANE (VARIEDAD ORIENTAL)<\/span><br \/><span style=\"color: #eb985e;\">TABACO DULCE AROMATIZADO CON FLORES DE AZAHAR, MORAS SILVESTRES, MANZANA, BROTES DE GIRASOL Y PAPAYA.<\/span><br \/><span style=\"color: #eb985e;\">UNA MEZCLA ESPECIALMENTE CREADA PARA SATISFACER A LA REINA M\u00c1S BELICOSA.<\/span><\/p><p><span style=\"color: #b8b8b8;\">Una excepcional experiencia renovadora, elaborada exclusivamente con ingredientes naturales, porque el vapeo es mucho m\u00e1s que una forma de dejar el h\u00e1bito de fumar\u2026 es todo un placer para los sentidos y nada mejor que poder disfrutarlo de una forma natural. Una selecci\u00f3n de hojas de tabaco y extractos naturales mezclados, curados y fermentados durante tres d\u00edas en condiciones especiales, marinados durante 24 horas y macerados durante 40 d\u00edas m\u00e1s.<\/span><\/p><p>Disponible en l\u00edquido terminado envasado en formato artesanal de 10, 30, 50 y 100ml. y en PET comercial con 50ml y capacidad para 60ml. Tambi\u00e9n disponible en aroma concentrado de 10, 30ml y Bulk Size.<\/p><\/div><\/div>\t\t\t\t\t\t\t\t<\/div>\n\t\t\t\t<\/div>\n\t\t\t\t\t<\/div>\n\t\t<\/div>\n\t\t\t\t<div class=\"elementor-column elementor-col-33 elementor-top-column elementor-element elementor-element-1ea9931\" data-id=\"1ea9931\" data-element_type=\"column\" data-e-type=\"column\">\n\t\t\t<div class=\"elementor-widget-wrap elementor-element-populated\">\n\t\t\t\t\t\t<div class=\"elementor-element elementor-element-fd5719a elementor-invisible elementor-widget elementor-widget-image\" data-id=\"fd5719a\" data-element_type=\"widget\" data-e-type=\"widget\" data-settings=\"{&quot;_animation&quot;:&quot;bounceInLeft&quot;}\" data-widget_type=\"image.default\">\n\t\t\t\t<div class=\"elementor-widget-container\">\n\t\t\t\t\t\t\t\t\t\t\t\t\t\t\t<img fetchpriority=\"high\" decoding=\"async\" width=\"525\" height=\"770\" src=\"https:\/\/www.muchoquever.com\/CATALOGO\/wp-content\/uploads\/2025\/02\/QUEEN-CYNANE.webp\" class=\"attachment-large size-large wp-image-1361\" alt=\"\" srcset=\"https:\/\/www.muchoquever.com\/CATALOGO\/wp-content\/uploads\/2025\/02\/QUEEN-CYNANE.webp 600w, https:\/\/www.muchoquever.com\/CATALOGO\/wp-content\/uploads\/2025\/02\/QUEEN-CYNANE-205x300.webp 205w\" sizes=\"100vw\" \/>\t\t\t\t\t\t\t\t\t\t\t\t\t\t\t<\/div>\n\t\t\t\t<\/div>\n\t\t\t\t\t<\/div>\n\t\t<\/div>\n\t\t\t\t\t<\/div>\n\t\t<\/section>\n\t\t\t\t<section class=\"elementor-section elementor-top-section elementor-element elementor-element-4f1430d elementor-section-boxed elementor-section-height-default elementor-section-height-default\" data-id=\"4f1430d\" data-element_type=\"section\" data-e-type=\"section\">\n\t\t\t\t\t\t<div class=\"elementor-container elementor-column-gap-default\">\n\t\t\t\t\t<div class=\"elementor-column elementor-col-50 elementor-top-column elementor-element elementor-element-25b2b74\" data-id=\"25b2b74\" data-element_type=\"column\" data-e-type=\"column\">\n\t\t\t<div class=\"elementor-widget-wrap elementor-element-populated\">\n\t\t\t\t\t\t<div class=\"elementor-element elementor-element-a360cbf elementor-widget elementor-widget-button\" data-id=\"a360cbf\" data-element_type=\"widget\" data-e-type=\"widget\" data-widget_type=\"button.default\">\n\t\t\t\t<div class=\"elementor-widget-container\">\n\t\t\t\t\t\t\t\t\t<div class=\"elementor-button-wrapper\">\n\t\t\t\t\t<a class=\"elementor-button elementor-button-link elementor-size-sm elementor-animation-grow\" href=\"https:\/\/www.muchoquever.com\/CATALOGO\/\">\n\t\t\t\t\t\t<span class=\"elementor-button-content-wrapper\">\n\t\t\t\t\t\t\t\t\t<span class=\"elementor-button-text\">Volver al cat\u00e1logo<\/span>\n\t\t\t\t\t<\/span>\n\t\t\t\t\t<\/a>\n\t\t\t\t<\/div>\n\t\t\t\t\t\t\t\t<\/div>\n\t\t\t\t<\/div>\n\t\t\t\t\t<\/div>\n\t\t<\/div>\n\t\t\t\t<div class=\"elementor-column elementor-col-50 elementor-top-column elementor-element elementor-element-1cc4e79\" data-id=\"1cc4e79\" data-element_type=\"column\" data-e-type=\"column\">\n\t\t\t<div class=\"elementor-widget-wrap elementor-element-populated\">\n\t\t\t\t\t\t<div class=\"elementor-element elementor-element-7699911 elementor-widget__width-initial elementor-widget elementor-widget-button\" data-id=\"7699911\" data-element_type=\"widget\" data-e-type=\"widget\" data-widget_type=\"button.default\">\n\t\t\t\t<div class=\"elementor-widget-container\">\n\t\t\t\t\t\t\t\t\t<div class=\"elementor-button-wrapper\">\n\t\t\t\t\t<a class=\"elementor-button elementor-button-link elementor-size-sm elementor-animation-grow\" href=\"https:\/\/muchoquever.com\/TIENDA\/inicio\/40-121-queen-cynane.html#\/2-tamano-30_ml\">\n\t\t\t\t\t\t<span class=\"elementor-button-content-wrapper\">\n\t\t\t\t\t\t\t\t\t<span class=\"elementor-button-text\">Ver en la tienda<\/span>\n\t\t\t\t\t<\/span>\n\t\t\t\t\t<\/a>\n\t\t\t\t<\/div>\n\t\t\t\t\t\t\t\t<\/div>\n\t\t\t\t<\/div>\n\t\t\t\t\t<\/div>\n\t\t<\/div>\n\t\t\t\t\t<\/div>\n\t\t<\/section>\n\t\t\t\t<section class=\"elementor-section elementor-top-section elementor-element elementor-element-12d437a elementor-section-boxed elementor-section-height-default elementor-section-height-default\" data-id=\"12d437a\" data-element_type=\"section\" data-e-type=\"section\">\n\t\t\t\t\t\t<div class=\"elementor-container elementor-column-gap-default\">\n\t\t\t\t\t<div class=\"elementor-column elementor-col-100 elementor-top-column elementor-element elementor-element-1a7f8f7\" data-id=\"1a7f8f7\" data-element_type=\"column\" data-e-type=\"column\">\n\t\t\t<div class=\"elementor-widget-wrap elementor-element-populated\">\n\t\t\t\t\t\t<div class=\"elementor-element elementor-element-fd8d63f elementor-widget elementor-widget-video\" data-id=\"fd8d63f\" data-element_type=\"widget\" data-e-type=\"widget\" data-settings=\"{&quot;youtube_url&quot;:&quot;https:\\\/\\\/youtu.be\\\/VxBQP8_1UAE&quot;,&quot;video_type&quot;:&quot;youtube&quot;,&quot;controls&quot;:&quot;yes&quot;}\" data-widget_type=\"video.default\">\n\t\t\t\t<div class=\"elementor-widget-container\">\n\t\t\t\t\t\t\t<div class=\"elementor-wrapper elementor-open-inline\">\n\t\t\t<div class=\"elementor-video\"><\/div>\t\t<\/div>\n\t\t\t\t\t\t<\/div>\n\t\t\t\t<\/div>\n\t\t\t\t\t<\/div>\n\t\t<\/div>\n\t\t\t\t\t<\/div>\n\t\t<\/section>\n\t\t\t\t<\/div>\n\t\t","protected":false},"excerpt":{"rendered":"<p>Queen Cynane Delicious sweet tobacco Seguimos fieles a nuestro prop\u00f3sito de buscar los ingredientes m\u00e1s puros y sabrosos, para elaborar productos \u00fanicos con excepcionales cualidades. Como siempre, anteponemos la calidad por encima de todo, y en esa l\u00ednea hemos estado trabajando con materias org\u00e1nicas 100% naturales de gran singularidad para desarrollar una nueva variedad de &hellip; <\/p>\n<p class=\"link-more\"><a href=\"https:\/\/www.muchoquever.com\/CATALOGO\/queen-cynane\/\" class=\"more-link\">Continuar leyendo<span class=\"screen-reader-text\"> \u00abQueen Cynane\u00bb<\/span><\/a><\/p>\n","protected":false},"author":1,"featured_media":0,"parent":0,"menu_order":0,"comment_status":"closed","ping_status":"closed","template":"elementor_header_footer","meta":{"footnotes":""},"class_list":["post-539","page","type-page","status-publish","hentry"],"_links":{"self":[{"href":"https:\/\/www.muchoquever.com\/CATALOGO\/wp-json\/wp\/v2\/pages\/539","targetHints":{"allow":["GET"]}}],"collection":[{"href":"https:\/\/www.muchoquever.com\/CATALOGO\/wp-json\/wp\/v2\/pages"}],"about":[{"href":"https:\/\/www.muchoquever.com\/CATALOGO\/wp-json\/wp\/v2\/types\/page"}],"author":[{"embeddable":true,"href":"https:\/\/www.muchoquever.com\/CATALOGO\/wp-json\/wp\/v2\/users\/1"}],"replies":[{"embeddable":true,"href":"https:\/\/www.muchoquever.com\/CATALOGO\/wp-json\/wp\/v2\/comments?post=539"}],"version-history":[{"count":22,"href":"https:\/\/www.muchoquever.com\/CATALOGO\/wp-json\/wp\/v2\/pages\/539\/revisions"}],"predecessor-version":[{"id":1364,"href":"https:\/\/www.muchoquever.com\/CATALOGO\/wp-json\/wp\/v2\/pages\/539\/revisions\/1364"}],"wp:attachment":[{"href":"https:\/\/www.muchoquever.com\/CATALOGO\/wp-json\/wp\/v2\/media?parent=539"}],"curies":[{"name":"wp","href":"https:\/\/api.w.org\/{rel}","templated":true}]}}