{"id":554,"date":"2023-04-14T11:03:51","date_gmt":"2023-04-14T11:03:51","guid":{"rendered":"https:\/\/www.muchoquever.com\/CATALOGO\/?page_id=554"},"modified":"2025-02-17T17:25:36","modified_gmt":"2025-02-17T17:25:36","slug":"gambino","status":"publish","type":"page","link":"https:\/\/www.muchoquever.com\/CATALOGO\/gambino\/","title":{"rendered":"Gambino"},"content":{"rendered":"\t\t<div data-elementor-type=\"wp-page\" data-elementor-id=\"554\" class=\"elementor elementor-554\">\n\t\t\t\t\t\t<section class=\"elementor-section elementor-top-section elementor-element elementor-element-a7245e3 elementor-section-boxed elementor-section-height-default elementor-section-height-default\" data-id=\"a7245e3\" data-element_type=\"section\" data-e-type=\"section\">\n\t\t\t\t\t\t<div class=\"elementor-container elementor-column-gap-default\">\n\t\t\t\t\t<div class=\"elementor-column elementor-col-100 elementor-top-column elementor-element elementor-element-47b53f2\" data-id=\"47b53f2\" data-element_type=\"column\" data-e-type=\"column\">\n\t\t\t<div class=\"elementor-widget-wrap elementor-element-populated\">\n\t\t\t\t\t\t<div class=\"elementor-element elementor-element-9ab1c11 elementor-widget elementor-widget-heading\" data-id=\"9ab1c11\" data-element_type=\"widget\" data-e-type=\"widget\" data-widget_type=\"heading.default\">\n\t\t\t\t<div class=\"elementor-widget-container\">\n\t\t\t\t\t<h2 class=\"elementor-heading-title elementor-size-default\">Gambino<\/h2>\t\t\t\t<\/div>\n\t\t\t\t<\/div>\n\t\t\t\t\t<\/div>\n\t\t<\/div>\n\t\t\t\t\t<\/div>\n\t\t<\/section>\n\t\t\t\t<section class=\"elementor-section elementor-top-section elementor-element elementor-element-05d333d elementor-section-boxed elementor-section-height-default elementor-section-height-default\" data-id=\"05d333d\" data-element_type=\"section\" data-e-type=\"section\">\n\t\t\t\t\t\t<div class=\"elementor-container elementor-column-gap-default\">\n\t\t\t\t\t<div class=\"elementor-column elementor-col-100 elementor-top-column elementor-element elementor-element-9cf8ace\" data-id=\"9cf8ace\" data-element_type=\"column\" data-e-type=\"column\">\n\t\t\t<div class=\"elementor-widget-wrap elementor-element-populated\">\n\t\t\t\t\t\t<div class=\"elementor-element elementor-element-25505e3 elementor-widget elementor-widget-heading\" data-id=\"25505e3\" data-element_type=\"widget\" data-e-type=\"widget\" data-widget_type=\"heading.default\">\n\t\t\t\t<div class=\"elementor-widget-container\">\n\t\t\t\t\t<h2 class=\"elementor-heading-title elementor-size-default\">\"Private Crime Club\"<\/h2>\t\t\t\t<\/div>\n\t\t\t\t<\/div>\n\t\t\t\t\t<\/div>\n\t\t<\/div>\n\t\t\t\t\t<\/div>\n\t\t<\/section>\n\t\t\t\t<section class=\"elementor-section elementor-top-section elementor-element elementor-element-ec279cc elementor-section-boxed elementor-section-height-default elementor-section-height-default\" data-id=\"ec279cc\" data-element_type=\"section\" data-e-type=\"section\">\n\t\t\t\t\t\t<div class=\"elementor-container elementor-column-gap-default\">\n\t\t\t\t\t<div class=\"elementor-column elementor-col-66 elementor-top-column elementor-element elementor-element-a08b047\" data-id=\"a08b047\" data-element_type=\"column\" data-e-type=\"column\">\n\t\t\t<div class=\"elementor-widget-wrap elementor-element-populated\">\n\t\t\t\t\t\t<div class=\"elementor-element elementor-element-2f3b23a elementor-widget elementor-widget-text-editor\" data-id=\"2f3b23a\" data-element_type=\"widget\" data-e-type=\"widget\" data-widget_type=\"text-editor.default\">\n\t\t\t\t<div class=\"elementor-widget-container\">\n\t\t\t\t\t\t\t\t\t<h2><span style=\"color: #ffffff;\">El crimen es no haberlo hecho antes&#8230;<\/span><\/h2><h3><span style=\"color: #c7c7c7;\">Un tabaco <strong>100% org\u00e1nico<\/strong> con <strong>d\u00e1tiles<\/strong> maduros, <strong>crocanti<\/strong> y <strong>brandy avellanado<\/strong>. Un caldo org\u00e1nico <strong>premium<\/strong> de incre\u00edble sabor, elaborado con materias primas naturales mediante un preciso control de temperaturas, para extraer la esencia pura original de los compuestos vegetales, con un minucioso y prolongado macerado para obtener y mantener todas sus cualidades. <br \/>.<\/span><br \/><span style=\"color: #c7c7c7;\">Todo un privilegio reservado para los amantes de los productos org\u00e1nicos m\u00e1s exigentes.<\/span><\/h3><p>Disponible en l\u00edquido terminado envasado en formato artesanal de 10, 30, 50 y 100ml. y en PET comercial con 50ml y capacidad para 60ml. Tambi\u00e9n disponible en aroma concentrado de 10, 30ml y Bulk Size.<\/p>\t\t\t\t\t\t\t\t<\/div>\n\t\t\t\t<\/div>\n\t\t\t\t\t<\/div>\n\t\t<\/div>\n\t\t\t\t<div class=\"elementor-column elementor-col-33 elementor-top-column elementor-element elementor-element-b5803b5\" data-id=\"b5803b5\" data-element_type=\"column\" data-e-type=\"column\">\n\t\t\t<div class=\"elementor-widget-wrap elementor-element-populated\">\n\t\t\t\t\t\t<div class=\"elementor-element elementor-element-682facc elementor-invisible elementor-widget elementor-widget-image\" data-id=\"682facc\" data-element_type=\"widget\" data-e-type=\"widget\" data-settings=\"{&quot;_animation&quot;:&quot;rotateIn&quot;}\" data-widget_type=\"image.default\">\n\t\t\t\t<div class=\"elementor-widget-container\">\n\t\t\t\t\t\t\t\t\t\t\t\t\t\t\t<img fetchpriority=\"high\" decoding=\"async\" width=\"525\" height=\"770\" src=\"https:\/\/www.muchoquever.com\/CATALOGO\/wp-content\/uploads\/2025\/02\/GAMBINO-1.webp\" class=\"attachment-large size-large wp-image-1296\" alt=\"\" srcset=\"https:\/\/www.muchoquever.com\/CATALOGO\/wp-content\/uploads\/2025\/02\/GAMBINO-1.webp 600w, https:\/\/www.muchoquever.com\/CATALOGO\/wp-content\/uploads\/2025\/02\/GAMBINO-1-205x300.webp 205w\" sizes=\"100vw\" \/>\t\t\t\t\t\t\t\t\t\t\t\t\t\t\t<\/div>\n\t\t\t\t<\/div>\n\t\t\t\t\t<\/div>\n\t\t<\/div>\n\t\t\t\t\t<\/div>\n\t\t<\/section>\n\t\t\t\t<section class=\"elementor-section elementor-top-section elementor-element elementor-element-d6b1d08 elementor-section-boxed elementor-section-height-default elementor-section-height-default\" data-id=\"d6b1d08\" data-element_type=\"section\" data-e-type=\"section\">\n\t\t\t\t\t\t<div class=\"elementor-container elementor-column-gap-default\">\n\t\t\t\t\t<div class=\"elementor-column elementor-col-50 elementor-top-column elementor-element elementor-element-179a25c\" data-id=\"179a25c\" data-element_type=\"column\" data-e-type=\"column\">\n\t\t\t<div class=\"elementor-widget-wrap elementor-element-populated\">\n\t\t\t\t\t\t<div class=\"elementor-element elementor-element-a7462d7 elementor-widget elementor-widget-button\" data-id=\"a7462d7\" data-element_type=\"widget\" data-e-type=\"widget\" data-widget_type=\"button.default\">\n\t\t\t\t<div class=\"elementor-widget-container\">\n\t\t\t\t\t\t\t\t\t<div class=\"elementor-button-wrapper\">\n\t\t\t\t\t<a class=\"elementor-button elementor-button-link elementor-size-sm elementor-animation-grow\" href=\"https:\/\/www.muchoquever.com\/CATALOGO\/\">\n\t\t\t\t\t\t<span class=\"elementor-button-content-wrapper\">\n\t\t\t\t\t\t\t\t\t<span class=\"elementor-button-text\">Volver al cat\u00e1logo<\/span>\n\t\t\t\t\t<\/span>\n\t\t\t\t\t<\/a>\n\t\t\t\t<\/div>\n\t\t\t\t\t\t\t\t<\/div>\n\t\t\t\t<\/div>\n\t\t\t\t\t<\/div>\n\t\t<\/div>\n\t\t\t\t<div class=\"elementor-column elementor-col-50 elementor-top-column elementor-element elementor-element-7121a66\" data-id=\"7121a66\" data-element_type=\"column\" data-e-type=\"column\">\n\t\t\t<div class=\"elementor-widget-wrap elementor-element-populated\">\n\t\t\t\t\t\t<div class=\"elementor-element elementor-element-f118303 elementor-widget__width-initial elementor-widget elementor-widget-button\" data-id=\"f118303\" data-element_type=\"widget\" data-e-type=\"widget\" data-widget_type=\"button.default\">\n\t\t\t\t<div class=\"elementor-widget-container\">\n\t\t\t\t\t\t\t\t\t<div class=\"elementor-button-wrapper\">\n\t\t\t\t\t<a class=\"elementor-button elementor-button-link elementor-size-sm elementor-animation-grow\" href=\"https:\/\/muchoquever.com\/TIENDA\/inicio\/43-210-gambino.html#\/2-tamano-30_ml\">\n\t\t\t\t\t\t<span class=\"elementor-button-content-wrapper\">\n\t\t\t\t\t\t\t\t\t<span class=\"elementor-button-text\">Ver en la tienda<\/span>\n\t\t\t\t\t<\/span>\n\t\t\t\t\t<\/a>\n\t\t\t\t<\/div>\n\t\t\t\t\t\t\t\t<\/div>\n\t\t\t\t<\/div>\n\t\t\t\t\t<\/div>\n\t\t<\/div>\n\t\t\t\t\t<\/div>\n\t\t<\/section>\n\t\t\t\t<section class=\"elementor-section elementor-top-section elementor-element elementor-element-831203b elementor-section-boxed elementor-section-height-default elementor-section-height-default\" data-id=\"831203b\" data-element_type=\"section\" data-e-type=\"section\">\n\t\t\t\t\t\t<div class=\"elementor-container elementor-column-gap-default\">\n\t\t\t\t\t<div class=\"elementor-column elementor-col-100 elementor-top-column elementor-element elementor-element-4e127b3\" data-id=\"4e127b3\" data-element_type=\"column\" data-e-type=\"column\">\n\t\t\t<div class=\"elementor-widget-wrap elementor-element-populated\">\n\t\t\t\t\t\t<div class=\"elementor-element elementor-element-e82bd55 elementor-widget elementor-widget-video\" data-id=\"e82bd55\" data-element_type=\"widget\" data-e-type=\"widget\" data-settings=\"{&quot;youtube_url&quot;:&quot;https:\\\/\\\/youtu.be\\\/I-DWSoJU-X0&quot;,&quot;video_type&quot;:&quot;youtube&quot;,&quot;controls&quot;:&quot;yes&quot;}\" data-widget_type=\"video.default\">\n\t\t\t\t<div class=\"elementor-widget-container\">\n\t\t\t\t\t\t\t<div class=\"elementor-wrapper elementor-open-inline\">\n\t\t\t<div class=\"elementor-video\"><\/div>\t\t<\/div>\n\t\t\t\t\t\t<\/div>\n\t\t\t\t<\/div>\n\t\t\t\t\t<\/div>\n\t\t<\/div>\n\t\t\t\t\t<\/div>\n\t\t<\/section>\n\t\t\t\t<\/div>\n\t\t","protected":false},"excerpt":{"rendered":"<p>Gambino \u00abPrivate Crime Club\u00bb El crimen es no haberlo hecho antes&#8230; Un tabaco 100% org\u00e1nico con d\u00e1tiles maduros, crocanti y brandy avellanado. Un caldo org\u00e1nico premium de incre\u00edble sabor, elaborado con materias primas naturales mediante un preciso control de temperaturas, para extraer la esencia pura original de los compuestos vegetales, con un minucioso y prolongado &hellip; <\/p>\n<p class=\"link-more\"><a href=\"https:\/\/www.muchoquever.com\/CATALOGO\/gambino\/\" class=\"more-link\">Continuar leyendo<span class=\"screen-reader-text\"> \u00abGambino\u00bb<\/span><\/a><\/p>\n","protected":false},"author":1,"featured_media":0,"parent":0,"menu_order":0,"comment_status":"closed","ping_status":"closed","template":"elementor_header_footer","meta":{"footnotes":""},"class_list":["post-554","page","type-page","status-publish","hentry"],"_links":{"self":[{"href":"https:\/\/www.muchoquever.com\/CATALOGO\/wp-json\/wp\/v2\/pages\/554","targetHints":{"allow":["GET"]}}],"collection":[{"href":"https:\/\/www.muchoquever.com\/CATALOGO\/wp-json\/wp\/v2\/pages"}],"about":[{"href":"https:\/\/www.muchoquever.com\/CATALOGO\/wp-json\/wp\/v2\/types\/page"}],"author":[{"embeddable":true,"href":"https:\/\/www.muchoquever.com\/CATALOGO\/wp-json\/wp\/v2\/users\/1"}],"replies":[{"embeddable":true,"href":"https:\/\/www.muchoquever.com\/CATALOGO\/wp-json\/wp\/v2\/comments?post=554"}],"version-history":[{"count":25,"href":"https:\/\/www.muchoquever.com\/CATALOGO\/wp-json\/wp\/v2\/pages\/554\/revisions"}],"predecessor-version":[{"id":1299,"href":"https:\/\/www.muchoquever.com\/CATALOGO\/wp-json\/wp\/v2\/pages\/554\/revisions\/1299"}],"wp:attachment":[{"href":"https:\/\/www.muchoquever.com\/CATALOGO\/wp-json\/wp\/v2\/media?parent=554"}],"curies":[{"name":"wp","href":"https:\/\/api.w.org\/{rel}","templated":true}]}}